{"id":68,"date":"2015-05-19T08:31:28","date_gmt":"2015-05-19T07:31:28","guid":{"rendered":"http:\/\/www.attelagealtitude.com\/?page_id=68"},"modified":"2015-05-19T15:35:12","modified_gmt":"2015-05-19T14:35:12","slug":"evenementiel","status":"publish","type":"page","link":"https:\/\/www.attelagealtitude.com\/?page_id=68","title":{"rendered":"Ev\u00e8nementiel"},"content":{"rendered":"<p><a href=\"http:\/\/www.attelagealtitude.com\/wp-content\/uploads\/2015\/05\/evenementiel1.jpg\"><img loading=\"lazy\" decoding=\"async\" class=\"aligncenter size-full wp-image-366\" src=\"http:\/\/www.attelagealtitude.com\/wp-content\/uploads\/2015\/05\/evenementiel1.jpg\" alt=\"evenementiel1\" width=\"875\" height=\"471\" srcset=\"https:\/\/www.attelagealtitude.com\/wp-content\/uploads\/2015\/05\/evenementiel1.jpg 875w, https:\/\/www.attelagealtitude.com\/wp-content\/uploads\/2015\/05\/evenementiel1-300x161.jpg 300w\" sizes=\"auto, (max-width: 875px) 100vw, 875px\" \/><\/a><br \/>\nAttelage Altitude et les chiens proposent des animations \u00e0 toutes saisons pour des \u00e9v\u00e8nements ou manifestations : mariage, bapt\u00eame, p\u00e9riodes de No\u00ebl, ou autres \u00e9v\u00e8nements de votre vie &#8230;<br \/>\nLes chiens s&rsquo;adaptent \u00e0 tout terrain et tout public et ont le plaisir de rendre vos journ\u00e9es inoubliables !<\/p>\n","protected":false},"excerpt":{"rendered":"<p>Attelage Altitude et les chiens proposent des animations \u00e0 toutes saisons pour des \u00e9v\u00e8nements ou manifestations : mariage, bapt\u00eame, p\u00e9riodes de No\u00ebl, ou autres \u00e9v\u00e8nements de votre vie &#8230; Les chiens s&rsquo;adaptent \u00e0 tout terrain et tout public et ont le plaisir de rendre vos journ\u00e9es inoubliables !<\/p>\n","protected":false},"author":1,"featured_media":0,"parent":0,"menu_order":0,"comment_status":"closed","ping_status":"closed","template":"","meta":{"ngg_post_thumbnail":0,"footnotes":""},"class_list":["post-68","page","type-page","status-publish","hentry"],"yoast_head":"<!-- This site is optimized with the Yoast SEO plugin v24.9 - https:\/\/yoast.com\/wordpress\/plugins\/seo\/ -->\n<title>Ev\u00e8nementiel - Attelage Altitude<\/title>\n<meta name=\"robots\" content=\"index, follow, max-snippet:-1, max-image-preview:large, max-video-preview:-1\" \/>\n<link rel=\"canonical\" href=\"http:\/\/www.attelagealtitude.com\/?page_id=68\" \/>\n<meta property=\"og:locale\" content=\"fr_FR\" \/>\n<meta property=\"og:type\" content=\"article\" \/>\n<meta property=\"og:title\" content=\"Ev\u00e8nementiel - Attelage Altitude\" \/>\n<meta property=\"og:description\" content=\"Attelage Altitude et les chiens proposent des animations \u00e0 toutes saisons pour des \u00e9v\u00e8nements ou manifestations : mariage, bapt\u00eame, p\u00e9riodes de No\u00ebl, ou autres \u00e9v\u00e8nements de votre vie &#8230; Les chiens s&rsquo;adaptent \u00e0 tout terrain et tout public et ont le plaisir de rendre vos journ\u00e9es inoubliables !\" \/>\n<meta property=\"og:url\" content=\"http:\/\/www.attelagealtitude.com\/?page_id=68\" \/>\n<meta property=\"og:site_name\" content=\"Attelage Altitude\" \/>\n<meta property=\"article:modified_time\" content=\"2015-05-19T14:35:12+00:00\" \/>\n<meta property=\"og:image\" content=\"http:\/\/www.attelagealtitude.com\/wp-content\/uploads\/2015\/05\/evenementiel1.jpg\" \/>\n<meta name=\"twitter:card\" content=\"summary_large_image\" \/>\n<script type=\"application\/ld+json\" class=\"yoast-schema-graph\">{\"@context\":\"https:\/\/schema.org\",\"@graph\":[{\"@type\":\"WebPage\",\"@id\":\"http:\/\/www.attelagealtitude.com\/?page_id=68\",\"url\":\"http:\/\/www.attelagealtitude.com\/?page_id=68\",\"name\":\"Ev\u00e8nementiel - Attelage Altitude\",\"isPartOf\":{\"@id\":\"http:\/\/www.attelagealtitude.com\/#website\"},\"primaryImageOfPage\":{\"@id\":\"http:\/\/www.attelagealtitude.com\/?page_id=68#primaryimage\"},\"image\":{\"@id\":\"http:\/\/www.attelagealtitude.com\/?page_id=68#primaryimage\"},\"thumbnailUrl\":\"http:\/\/www.attelagealtitude.com\/wp-content\/uploads\/2015\/05\/evenementiel1.jpg\",\"datePublished\":\"2015-05-19T07:31:28+00:00\",\"dateModified\":\"2015-05-19T14:35:12+00:00\",\"breadcrumb\":{\"@id\":\"http:\/\/www.attelagealtitude.com\/?page_id=68#breadcrumb\"},\"inLanguage\":\"fr-FR\",\"potentialAction\":[{\"@type\":\"ReadAction\",\"target\":[\"http:\/\/www.attelagealtitude.com\/?page_id=68\"]}]},{\"@type\":\"ImageObject\",\"inLanguage\":\"fr-FR\",\"@id\":\"http:\/\/www.attelagealtitude.com\/?page_id=68#primaryimage\",\"url\":\"https:\/\/www.attelagealtitude.com\/wp-content\/uploads\/2015\/05\/evenementiel1.jpg\",\"contentUrl\":\"https:\/\/www.attelagealtitude.com\/wp-content\/uploads\/2015\/05\/evenementiel1.jpg\",\"width\":875,\"height\":471},{\"@type\":\"BreadcrumbList\",\"@id\":\"http:\/\/www.attelagealtitude.com\/?page_id=68#breadcrumb\",\"itemListElement\":[{\"@type\":\"ListItem\",\"position\":1,\"name\":\"Accueil\",\"item\":\"http:\/\/www.attelagealtitude.com\/\"},{\"@type\":\"ListItem\",\"position\":2,\"name\":\"Ev\u00e8nementiel\"}]},{\"@type\":\"WebSite\",\"@id\":\"http:\/\/www.attelagealtitude.com\/#website\",\"url\":\"http:\/\/www.attelagealtitude.com\/\",\"name\":\"Attelage Altitude\",\"description\":\"Elodie De La Pena - 0680160292\",\"potentialAction\":[{\"@type\":\"SearchAction\",\"target\":{\"@type\":\"EntryPoint\",\"urlTemplate\":\"http:\/\/www.attelagealtitude.com\/?s={search_term_string}\"},\"query-input\":{\"@type\":\"PropertyValueSpecification\",\"valueRequired\":true,\"valueName\":\"search_term_string\"}}],\"inLanguage\":\"fr-FR\"}]}<\/script>\n<!-- \/ Yoast SEO plugin. -->","yoast_head_json":{"title":"Ev\u00e8nementiel - Attelage Altitude","robots":{"index":"index","follow":"follow","max-snippet":"max-snippet:-1","max-image-preview":"max-image-preview:large","max-video-preview":"max-video-preview:-1"},"canonical":"http:\/\/www.attelagealtitude.com\/?page_id=68","og_locale":"fr_FR","og_type":"article","og_title":"Ev\u00e8nementiel - Attelage Altitude","og_description":"Attelage Altitude et les chiens proposent des animations \u00e0 toutes saisons pour des \u00e9v\u00e8nements ou manifestations : mariage, bapt\u00eame, p\u00e9riodes de No\u00ebl, ou autres \u00e9v\u00e8nements de votre vie &#8230; Les chiens s&rsquo;adaptent \u00e0 tout terrain et tout public et ont le plaisir de rendre vos journ\u00e9es inoubliables !","og_url":"http:\/\/www.attelagealtitude.com\/?page_id=68","og_site_name":"Attelage Altitude","article_modified_time":"2015-05-19T14:35:12+00:00","og_image":[{"url":"http:\/\/www.attelagealtitude.com\/wp-content\/uploads\/2015\/05\/evenementiel1.jpg","type":"","width":"","height":""}],"twitter_card":"summary_large_image","schema":{"@context":"https:\/\/schema.org","@graph":[{"@type":"WebPage","@id":"http:\/\/www.attelagealtitude.com\/?page_id=68","url":"http:\/\/www.attelagealtitude.com\/?page_id=68","name":"Ev\u00e8nementiel - Attelage Altitude","isPartOf":{"@id":"http:\/\/www.attelagealtitude.com\/#website"},"primaryImageOfPage":{"@id":"http:\/\/www.attelagealtitude.com\/?page_id=68#primaryimage"},"image":{"@id":"http:\/\/www.attelagealtitude.com\/?page_id=68#primaryimage"},"thumbnailUrl":"http:\/\/www.attelagealtitude.com\/wp-content\/uploads\/2015\/05\/evenementiel1.jpg","datePublished":"2015-05-19T07:31:28+00:00","dateModified":"2015-05-19T14:35:12+00:00","breadcrumb":{"@id":"http:\/\/www.attelagealtitude.com\/?page_id=68#breadcrumb"},"inLanguage":"fr-FR","potentialAction":[{"@type":"ReadAction","target":["http:\/\/www.attelagealtitude.com\/?page_id=68"]}]},{"@type":"ImageObject","inLanguage":"fr-FR","@id":"http:\/\/www.attelagealtitude.com\/?page_id=68#primaryimage","url":"https:\/\/www.attelagealtitude.com\/wp-content\/uploads\/2015\/05\/evenementiel1.jpg","contentUrl":"https:\/\/www.attelagealtitude.com\/wp-content\/uploads\/2015\/05\/evenementiel1.jpg","width":875,"height":471},{"@type":"BreadcrumbList","@id":"http:\/\/www.attelagealtitude.com\/?page_id=68#breadcrumb","itemListElement":[{"@type":"ListItem","position":1,"name":"Accueil","item":"http:\/\/www.attelagealtitude.com\/"},{"@type":"ListItem","position":2,"name":"Ev\u00e8nementiel"}]},{"@type":"WebSite","@id":"http:\/\/www.attelagealtitude.com\/#website","url":"http:\/\/www.attelagealtitude.com\/","name":"Attelage Altitude","description":"Elodie De La Pena - 0680160292","potentialAction":[{"@type":"SearchAction","target":{"@type":"EntryPoint","urlTemplate":"http:\/\/www.attelagealtitude.com\/?s={search_term_string}"},"query-input":{"@type":"PropertyValueSpecification","valueRequired":true,"valueName":"search_term_string"}}],"inLanguage":"fr-FR"}]}},"_links":{"self":[{"href":"https:\/\/www.attelagealtitude.com\/index.php?rest_route=\/wp\/v2\/pages\/68","targetHints":{"allow":["GET"]}}],"collection":[{"href":"https:\/\/www.attelagealtitude.com\/index.php?rest_route=\/wp\/v2\/pages"}],"about":[{"href":"https:\/\/www.attelagealtitude.com\/index.php?rest_route=\/wp\/v2\/types\/page"}],"author":[{"embeddable":true,"href":"https:\/\/www.attelagealtitude.com\/index.php?rest_route=\/wp\/v2\/users\/1"}],"replies":[{"embeddable":true,"href":"https:\/\/www.attelagealtitude.com\/index.php?rest_route=%2Fwp%2Fv2%2Fcomments&post=68"}],"version-history":[{"count":2,"href":"https:\/\/www.attelagealtitude.com\/index.php?rest_route=\/wp\/v2\/pages\/68\/revisions"}],"predecessor-version":[{"id":367,"href":"https:\/\/www.attelagealtitude.com\/index.php?rest_route=\/wp\/v2\/pages\/68\/revisions\/367"}],"wp:attachment":[{"href":"https:\/\/www.attelagealtitude.com\/index.php?rest_route=%2Fwp%2Fv2%2Fmedia&parent=68"}],"curies":[{"name":"wp","href":"https:\/\/api.w.org\/{rel}","templated":true}]}}