{"id":74,"date":"2015-05-19T08:32:23","date_gmt":"2015-05-19T07:32:23","guid":{"rendered":"http:\/\/www.attelagealtitude.com\/?page_id=74"},"modified":"2017-01-28T19:33:57","modified_gmt":"2017-01-28T18:33:57","slug":"a-nazca","status":"publish","type":"page","link":"https:\/\/www.attelagealtitude.com\/?page_id=74","title":{"rendered":"A Nazca"},"content":{"rendered":"<p>Nazca. C&rsquo;es<img loading=\"lazy\" decoding=\"async\" class=\" wp-image-333 alignleft\" src=\"http:\/\/www.attelagealtitude.com\/wp-content\/uploads\/2015\/05\/Nazca-1024x767.jpg\" alt=\"Nazca\" width=\"341\" height=\"255\" srcset=\"https:\/\/www.attelagealtitude.com\/wp-content\/uploads\/2015\/05\/Nazca-1024x767.jpg 1024w, https:\/\/www.attelagealtitude.com\/wp-content\/uploads\/2015\/05\/Nazca-300x225.jpg 300w, https:\/\/www.attelagealtitude.com\/wp-content\/uploads\/2015\/05\/Nazca.jpg 1293w\" sizes=\"auto, (max-width: 341px) 100vw, 341px\" \/>t une longue histoire que je vous raconterai en d\u00e9tail avec plaisir, C&rsquo;est avec elle que tout a commenc\u00e9 il y a 14 ans &#8230; Sortie de nulle part, elle a rencontr\u00e9 mon chemin et Ensemble nous avons v\u00e9cu beaucoup de choses. Ensemble nous avons grandi, Ensemble nous avons contruit ce \u00ab\u00a0petit monde\u00a0\u00bb. Ma premi\u00e8re chienne de t\u00eate, mon alli\u00e9e, dans toutes les situations, de mes premiers pas \u00e0 mon assurance aujourd&rsquo;hui, en passant par le dipl\u00f4me. Elle m&rsquo;a suivi partout et me suit s\u00fbrement encore&#8230;. Je lui dois beaucoup, merci Nazca.<\/p>\n<p><img loading=\"lazy\" decoding=\"async\" class=\" wp-image-334 aligncenter\" src=\"http:\/\/www.attelagealtitude.com\/wp-content\/uploads\/2015\/05\/6-1024x750.jpg\" alt=\"6\" width=\"533\" height=\"391\" srcset=\"https:\/\/www.attelagealtitude.com\/wp-content\/uploads\/2015\/05\/6-1024x750.jpg 1024w, https:\/\/www.attelagealtitude.com\/wp-content\/uploads\/2015\/05\/6-300x220.jpg 300w, https:\/\/www.attelagealtitude.com\/wp-content\/uploads\/2015\/05\/6.jpg 1062w\" sizes=\"auto, (max-width: 533px) 100vw, 533px\" \/><\/p>\n","protected":false},"excerpt":{"rendered":"<p>Nazca. C&rsquo;est une longue histoire que je vous raconterai en d\u00e9tail avec plaisir, C&rsquo;est avec elle que tout a commenc\u00e9 il y a 14 ans &#8230; Sortie de nulle part, elle a rencontr\u00e9 mon chemin et Ensemble nous avons v\u00e9cu beaucoup de choses. Ensemble nous avons grandi, Ensemble nous avons contruit ce \u00ab\u00a0petit monde\u00a0\u00bb. Ma &hellip; <a href=\"https:\/\/www.attelagealtitude.com\/?page_id=74\" class=\"more-link\">Continuer la lecture de <span class=\"screen-reader-text\">A Nazca<\/span><\/a><\/p>\n","protected":false},"author":1,"featured_media":0,"parent":0,"menu_order":0,"comment_status":"closed","ping_status":"closed","template":"","meta":{"ngg_post_thumbnail":0,"footnotes":""},"class_list":["post-74","page","type-page","status-publish","hentry"],"yoast_head":"<!-- This site is optimized with the Yoast SEO plugin v24.9 - https:\/\/yoast.com\/wordpress\/plugins\/seo\/ -->\n<title>chiens de traineaux Pyr\u00e9n\u00e9es, chien de traineau Pyr\u00e9n\u00e9es<\/title>\n<meta name=\"description\" content=\"chiens de traineaux Pyr\u00e9n\u00e9es, chien de traineau, attelage, chiens d&#039;attelage, la Mongie, Payolle, lac de Payolle, station de ski la Mongie, randonn\u00e9e\" \/>\n<meta name=\"robots\" content=\"index, follow, max-snippet:-1, max-image-preview:large, max-video-preview:-1\" \/>\n<link rel=\"canonical\" href=\"https:\/\/www.attelagealtitude.com\/?page_id=74\" \/>\n<meta property=\"og:locale\" content=\"fr_FR\" \/>\n<meta property=\"og:type\" content=\"article\" \/>\n<meta property=\"og:title\" content=\"chiens de traineaux Pyr\u00e9n\u00e9es, chien de traineau Pyr\u00e9n\u00e9es\" \/>\n<meta property=\"og:description\" content=\"chiens de traineaux Pyr\u00e9n\u00e9es, chien de traineau, attelage, chiens d&#039;attelage, la Mongie, Payolle, lac de Payolle, station de ski la Mongie, randonn\u00e9e\" \/>\n<meta property=\"og:url\" content=\"https:\/\/www.attelagealtitude.com\/?page_id=74\" \/>\n<meta property=\"og:site_name\" content=\"Attelage Altitude\" \/>\n<meta property=\"article:modified_time\" content=\"2017-01-28T18:33:57+00:00\" \/>\n<meta property=\"og:image\" content=\"http:\/\/www.attelagealtitude.com\/wp-content\/uploads\/2015\/05\/Nazca-1024x767.jpg\" \/>\n<meta name=\"twitter:card\" content=\"summary_large_image\" \/>\n<script type=\"application\/ld+json\" class=\"yoast-schema-graph\">{\"@context\":\"https:\/\/schema.org\",\"@graph\":[{\"@type\":\"WebPage\",\"@id\":\"https:\/\/www.attelagealtitude.com\/?page_id=74\",\"url\":\"https:\/\/www.attelagealtitude.com\/?page_id=74\",\"name\":\"chiens de traineaux Pyr\u00e9n\u00e9es, chien de traineau Pyr\u00e9n\u00e9es\",\"isPartOf\":{\"@id\":\"http:\/\/www.attelagealtitude.com\/#website\"},\"primaryImageOfPage\":{\"@id\":\"https:\/\/www.attelagealtitude.com\/?page_id=74#primaryimage\"},\"image\":{\"@id\":\"https:\/\/www.attelagealtitude.com\/?page_id=74#primaryimage\"},\"thumbnailUrl\":\"http:\/\/www.attelagealtitude.com\/wp-content\/uploads\/2015\/05\/Nazca-1024x767.jpg\",\"datePublished\":\"2015-05-19T07:32:23+00:00\",\"dateModified\":\"2017-01-28T18:33:57+00:00\",\"description\":\"chiens de traineaux Pyr\u00e9n\u00e9es, chien de traineau, attelage, chiens d'attelage, la Mongie, Payolle, lac de Payolle, station de ski la Mongie, randonn\u00e9e\",\"breadcrumb\":{\"@id\":\"https:\/\/www.attelagealtitude.com\/?page_id=74#breadcrumb\"},\"inLanguage\":\"fr-FR\",\"potentialAction\":[{\"@type\":\"ReadAction\",\"target\":[\"https:\/\/www.attelagealtitude.com\/?page_id=74\"]}]},{\"@type\":\"ImageObject\",\"inLanguage\":\"fr-FR\",\"@id\":\"https:\/\/www.attelagealtitude.com\/?page_id=74#primaryimage\",\"url\":\"http:\/\/www.attelagealtitude.com\/wp-content\/uploads\/2015\/05\/Nazca-1024x767.jpg\",\"contentUrl\":\"http:\/\/www.attelagealtitude.com\/wp-content\/uploads\/2015\/05\/Nazca-1024x767.jpg\"},{\"@type\":\"BreadcrumbList\",\"@id\":\"https:\/\/www.attelagealtitude.com\/?page_id=74#breadcrumb\",\"itemListElement\":[{\"@type\":\"ListItem\",\"position\":1,\"name\":\"Accueil\",\"item\":\"http:\/\/www.attelagealtitude.com\/\"},{\"@type\":\"ListItem\",\"position\":2,\"name\":\"A Nazca\"}]},{\"@type\":\"WebSite\",\"@id\":\"http:\/\/www.attelagealtitude.com\/#website\",\"url\":\"http:\/\/www.attelagealtitude.com\/\",\"name\":\"Attelage Altitude\",\"description\":\"Elodie De La Pena - 0680160292\",\"potentialAction\":[{\"@type\":\"SearchAction\",\"target\":{\"@type\":\"EntryPoint\",\"urlTemplate\":\"http:\/\/www.attelagealtitude.com\/?s={search_term_string}\"},\"query-input\":{\"@type\":\"PropertyValueSpecification\",\"valueRequired\":true,\"valueName\":\"search_term_string\"}}],\"inLanguage\":\"fr-FR\"}]}<\/script>\n<!-- \/ Yoast SEO plugin. -->","yoast_head_json":{"title":"chiens de traineaux Pyr\u00e9n\u00e9es, chien de traineau Pyr\u00e9n\u00e9es","description":"chiens de traineaux Pyr\u00e9n\u00e9es, chien de traineau, attelage, chiens d'attelage, la Mongie, Payolle, lac de Payolle, station de ski la Mongie, randonn\u00e9e","robots":{"index":"index","follow":"follow","max-snippet":"max-snippet:-1","max-image-preview":"max-image-preview:large","max-video-preview":"max-video-preview:-1"},"canonical":"https:\/\/www.attelagealtitude.com\/?page_id=74","og_locale":"fr_FR","og_type":"article","og_title":"chiens de traineaux Pyr\u00e9n\u00e9es, chien de traineau Pyr\u00e9n\u00e9es","og_description":"chiens de traineaux Pyr\u00e9n\u00e9es, chien de traineau, attelage, chiens d'attelage, la Mongie, Payolle, lac de Payolle, station de ski la Mongie, randonn\u00e9e","og_url":"https:\/\/www.attelagealtitude.com\/?page_id=74","og_site_name":"Attelage Altitude","article_modified_time":"2017-01-28T18:33:57+00:00","og_image":[{"url":"http:\/\/www.attelagealtitude.com\/wp-content\/uploads\/2015\/05\/Nazca-1024x767.jpg","type":"","width":"","height":""}],"twitter_card":"summary_large_image","schema":{"@context":"https:\/\/schema.org","@graph":[{"@type":"WebPage","@id":"https:\/\/www.attelagealtitude.com\/?page_id=74","url":"https:\/\/www.attelagealtitude.com\/?page_id=74","name":"chiens de traineaux Pyr\u00e9n\u00e9es, chien de traineau Pyr\u00e9n\u00e9es","isPartOf":{"@id":"http:\/\/www.attelagealtitude.com\/#website"},"primaryImageOfPage":{"@id":"https:\/\/www.attelagealtitude.com\/?page_id=74#primaryimage"},"image":{"@id":"https:\/\/www.attelagealtitude.com\/?page_id=74#primaryimage"},"thumbnailUrl":"http:\/\/www.attelagealtitude.com\/wp-content\/uploads\/2015\/05\/Nazca-1024x767.jpg","datePublished":"2015-05-19T07:32:23+00:00","dateModified":"2017-01-28T18:33:57+00:00","description":"chiens de traineaux Pyr\u00e9n\u00e9es, chien de traineau, attelage, chiens d'attelage, la Mongie, Payolle, lac de Payolle, station de ski la Mongie, randonn\u00e9e","breadcrumb":{"@id":"https:\/\/www.attelagealtitude.com\/?page_id=74#breadcrumb"},"inLanguage":"fr-FR","potentialAction":[{"@type":"ReadAction","target":["https:\/\/www.attelagealtitude.com\/?page_id=74"]}]},{"@type":"ImageObject","inLanguage":"fr-FR","@id":"https:\/\/www.attelagealtitude.com\/?page_id=74#primaryimage","url":"http:\/\/www.attelagealtitude.com\/wp-content\/uploads\/2015\/05\/Nazca-1024x767.jpg","contentUrl":"http:\/\/www.attelagealtitude.com\/wp-content\/uploads\/2015\/05\/Nazca-1024x767.jpg"},{"@type":"BreadcrumbList","@id":"https:\/\/www.attelagealtitude.com\/?page_id=74#breadcrumb","itemListElement":[{"@type":"ListItem","position":1,"name":"Accueil","item":"http:\/\/www.attelagealtitude.com\/"},{"@type":"ListItem","position":2,"name":"A Nazca"}]},{"@type":"WebSite","@id":"http:\/\/www.attelagealtitude.com\/#website","url":"http:\/\/www.attelagealtitude.com\/","name":"Attelage Altitude","description":"Elodie De La Pena - 0680160292","potentialAction":[{"@type":"SearchAction","target":{"@type":"EntryPoint","urlTemplate":"http:\/\/www.attelagealtitude.com\/?s={search_term_string}"},"query-input":{"@type":"PropertyValueSpecification","valueRequired":true,"valueName":"search_term_string"}}],"inLanguage":"fr-FR"}]}},"_links":{"self":[{"href":"https:\/\/www.attelagealtitude.com\/index.php?rest_route=\/wp\/v2\/pages\/74","targetHints":{"allow":["GET"]}}],"collection":[{"href":"https:\/\/www.attelagealtitude.com\/index.php?rest_route=\/wp\/v2\/pages"}],"about":[{"href":"https:\/\/www.attelagealtitude.com\/index.php?rest_route=\/wp\/v2\/types\/page"}],"author":[{"embeddable":true,"href":"https:\/\/www.attelagealtitude.com\/index.php?rest_route=\/wp\/v2\/users\/1"}],"replies":[{"embeddable":true,"href":"https:\/\/www.attelagealtitude.com\/index.php?rest_route=%2Fwp%2Fv2%2Fcomments&post=74"}],"version-history":[{"count":8,"href":"https:\/\/www.attelagealtitude.com\/index.php?rest_route=\/wp\/v2\/pages\/74\/revisions"}],"predecessor-version":[{"id":727,"href":"https:\/\/www.attelagealtitude.com\/index.php?rest_route=\/wp\/v2\/pages\/74\/revisions\/727"}],"wp:attachment":[{"href":"https:\/\/www.attelagealtitude.com\/index.php?rest_route=%2Fwp%2Fv2%2Fmedia&parent=74"}],"curies":[{"name":"wp","href":"https:\/\/api.w.org\/{rel}","templated":true}]}}