{"id":79,"date":"2015-05-19T08:33:08","date_gmt":"2015-05-19T07:33:08","guid":{"rendered":"http:\/\/www.attelagealtitude.com\/?page_id=79"},"modified":"2026-02-07T18:28:44","modified_gmt":"2026-02-07T17:28:44","slug":"tarifs","status":"publish","type":"page","link":"https:\/\/www.attelagealtitude.com\/?page_id=79","title":{"rendered":"Tarifs"},"content":{"rendered":"<p><em><a href=\"http:\/\/www.attelagealtitude.com\/wp-content\/uploads\/2018\/12\/CGV-AA-2018.pdf\" target=\"_blank\" rel=\"noopener noreferrer\">Conditions G\u00e9n\u00e9rales de Vente<\/a><\/em><\/p>\n<h2><em><strong>Activit\u00e9s \u00ab\u00a0neige\u00a0\u00bb<\/strong><\/em><\/h2>\n<p><strong><span style=\"color: #0000ff;\">Bapt\u00eame<\/span><\/strong> tra\u00eeneaux \u00e0 chiens : <strong><span style=\"color: #ff0000;\">dur\u00e9e 20 &#8211; 25 minutes<\/span><\/strong><\/p>\n<p>Forfait mini 130\u20ac pour 1 ou 2 personnes<br \/>\n+ 50\u20ac par enfant 6-12 ans sup.<br \/>\n+ 40\u20ac par enfant moins de 6 ans sup.<\/p>\n<p>Forfait <strong><span style=\"color: #0000ff;\">F<\/span><span style=\"color: #0000ff;\">amille<\/span><\/strong> (2 adultes + 2 enfants de moins de 6 ans) : 200 \u20ac<\/p>\n<p><strong><span style=\"color: #0000ff;\">Initiation <\/span><\/strong><span style=\"color: #333333;\">\u00e0 la<\/span><strong><span style=\"color: #0000ff;\"> conduite<\/span><\/strong> d&rsquo;attelage (demi-journ\u00e9e) : <strong><span style=\"color: #ff0000;\">dur\u00e9e 120 minutes<\/span><\/strong><br \/>\n110\u20ac par adulte<br \/>\n95\u20ac par enfant (10 \u00e0 12 ans)<\/p>\n<p><span style=\"color: #0000ff;\"><strong>Raid<\/strong><\/span> de deux jours : 450\u20ac par personne<\/p>\n<h2><strong><em>Activit\u00e9s \u00ab\u00a0terre\u00a0\u00bb<\/em><\/strong><\/h2>\n<p>Cani-randonn\u00e9e (demi-journ\u00e9e) :<br \/>\n35\u20ac par adulte<br \/>\n25\u20ac par enfant jusqu&rsquo;\u00e0 16 ans<\/p>\n<p>Cani-trottinette (demi-journ\u00e9e) :<br \/>\n95\u20ac par adulte<br \/>\n65\u20ac pour les enfants<\/p>\n<p>Kart \u00e0 chiens (balade tra\u00eeneau sur roues) :<br \/>\nForfait mini 100\u20ac pour 1 ou 2 personnes<br \/>\n+ 30\u20ac par enfant 8-12 ans sup.<br \/>\n+ 20\u20ac par enfant moins de 8 ans sup.<\/p>\n<p>Forfait famille (2 adultes + 2 enfants de moins de 8 ans) : 150 \u20ac<\/p>\n<p>Tarif groupe \u00e0 partir de 15 personnes.<br \/>\nPour les autres activit\u00e9s \u00ab\u00a0neige\u00a0\u00bb (ski-jo\u00ebring, cani-raquettes)&nbsp; ou prestation \u00ab\u00a0\u00e0 la carte\u00a0\u00bb merci de <a href=\"http:\/\/www.attelagealtitude.com\/?page_id=81\">me contacter<\/a>.<\/p>\n","protected":false},"excerpt":{"rendered":"<p>Conditions G\u00e9n\u00e9rales de Vente Activit\u00e9s \u00ab\u00a0neige\u00a0\u00bb Bapt\u00eame tra\u00eeneaux \u00e0 chiens : dur\u00e9e 20 &#8211; 25 minutes Forfait mini 130\u20ac pour 1 ou 2 personnes + 50\u20ac par enfant 6-12 ans sup. + 40\u20ac par enfant moins de 6 ans sup. Forfait Famille (2 adultes + 2 enfants de moins de 6 ans) : 200 \u20ac &hellip; <a href=\"https:\/\/www.attelagealtitude.com\/?page_id=79\" class=\"more-link\">Continuer la lecture de <span class=\"screen-reader-text\">Tarifs<\/span><\/a><\/p>\n","protected":false},"author":1,"featured_media":0,"parent":0,"menu_order":0,"comment_status":"closed","ping_status":"closed","template":"","meta":{"ngg_post_thumbnail":0,"footnotes":""},"class_list":["post-79","page","type-page","status-publish","hentry"],"yoast_head":"<!-- This site is optimized with the Yoast SEO plugin v24.9 - https:\/\/yoast.com\/wordpress\/plugins\/seo\/ -->\n<title>Tarifs - Attelage Altitude<\/title>\n<meta name=\"description\" content=\"Tous nos tarifs pour les activit\u00e9s neige (tra\u00eeneau en famille, initiation \u00e0 la conduite, raid) et terre (cani rando, cani troti, kart)\" \/>\n<meta name=\"robots\" content=\"index, follow, max-snippet:-1, max-image-preview:large, max-video-preview:-1\" \/>\n<link rel=\"canonical\" href=\"https:\/\/www.attelagealtitude.com\/?page_id=79\" \/>\n<meta property=\"og:locale\" content=\"fr_FR\" \/>\n<meta property=\"og:type\" content=\"article\" \/>\n<meta property=\"og:title\" content=\"Tarifs - Attelage Altitude\" \/>\n<meta property=\"og:description\" content=\"Tous nos tarifs pour les activit\u00e9s neige (tra\u00eeneau en famille, initiation \u00e0 la conduite, raid) et terre (cani rando, cani troti, kart)\" \/>\n<meta property=\"og:url\" content=\"https:\/\/www.attelagealtitude.com\/?page_id=79\" \/>\n<meta property=\"og:site_name\" content=\"Attelage Altitude\" \/>\n<meta property=\"article:modified_time\" content=\"2026-02-07T17:28:44+00:00\" \/>\n<meta name=\"twitter:card\" content=\"summary_large_image\" \/>\n<meta name=\"twitter:label1\" content=\"Dur\u00e9e de lecture estim\u00e9e\" \/>\n\t<meta name=\"twitter:data1\" content=\"1 minute\" \/>\n<script type=\"application\/ld+json\" class=\"yoast-schema-graph\">{\"@context\":\"https:\/\/schema.org\",\"@graph\":[{\"@type\":\"WebPage\",\"@id\":\"https:\/\/www.attelagealtitude.com\/?page_id=79\",\"url\":\"https:\/\/www.attelagealtitude.com\/?page_id=79\",\"name\":\"Tarifs - Attelage Altitude\",\"isPartOf\":{\"@id\":\"http:\/\/www.attelagealtitude.com\/#website\"},\"datePublished\":\"2015-05-19T07:33:08+00:00\",\"dateModified\":\"2026-02-07T17:28:44+00:00\",\"description\":\"Tous nos tarifs pour les activit\u00e9s neige (tra\u00eeneau en famille, initiation \u00e0 la conduite, raid) et terre (cani rando, cani troti, kart)\",\"breadcrumb\":{\"@id\":\"https:\/\/www.attelagealtitude.com\/?page_id=79#breadcrumb\"},\"inLanguage\":\"fr-FR\",\"potentialAction\":[{\"@type\":\"ReadAction\",\"target\":[\"https:\/\/www.attelagealtitude.com\/?page_id=79\"]}]},{\"@type\":\"BreadcrumbList\",\"@id\":\"https:\/\/www.attelagealtitude.com\/?page_id=79#breadcrumb\",\"itemListElement\":[{\"@type\":\"ListItem\",\"position\":1,\"name\":\"Accueil\",\"item\":\"http:\/\/www.attelagealtitude.com\/\"},{\"@type\":\"ListItem\",\"position\":2,\"name\":\"Tarifs\"}]},{\"@type\":\"WebSite\",\"@id\":\"http:\/\/www.attelagealtitude.com\/#website\",\"url\":\"http:\/\/www.attelagealtitude.com\/\",\"name\":\"Attelage Altitude\",\"description\":\"Elodie De La Pena - 0680160292\",\"potentialAction\":[{\"@type\":\"SearchAction\",\"target\":{\"@type\":\"EntryPoint\",\"urlTemplate\":\"http:\/\/www.attelagealtitude.com\/?s={search_term_string}\"},\"query-input\":{\"@type\":\"PropertyValueSpecification\",\"valueRequired\":true,\"valueName\":\"search_term_string\"}}],\"inLanguage\":\"fr-FR\"}]}<\/script>\n<!-- \/ Yoast SEO plugin. -->","yoast_head_json":{"title":"Tarifs - Attelage Altitude","description":"Tous nos tarifs pour les activit\u00e9s neige (tra\u00eeneau en famille, initiation \u00e0 la conduite, raid) et terre (cani rando, cani troti, kart)","robots":{"index":"index","follow":"follow","max-snippet":"max-snippet:-1","max-image-preview":"max-image-preview:large","max-video-preview":"max-video-preview:-1"},"canonical":"https:\/\/www.attelagealtitude.com\/?page_id=79","og_locale":"fr_FR","og_type":"article","og_title":"Tarifs - Attelage Altitude","og_description":"Tous nos tarifs pour les activit\u00e9s neige (tra\u00eeneau en famille, initiation \u00e0 la conduite, raid) et terre (cani rando, cani troti, kart)","og_url":"https:\/\/www.attelagealtitude.com\/?page_id=79","og_site_name":"Attelage Altitude","article_modified_time":"2026-02-07T17:28:44+00:00","twitter_card":"summary_large_image","twitter_misc":{"Dur\u00e9e de lecture estim\u00e9e":"1 minute"},"schema":{"@context":"https:\/\/schema.org","@graph":[{"@type":"WebPage","@id":"https:\/\/www.attelagealtitude.com\/?page_id=79","url":"https:\/\/www.attelagealtitude.com\/?page_id=79","name":"Tarifs - Attelage Altitude","isPartOf":{"@id":"http:\/\/www.attelagealtitude.com\/#website"},"datePublished":"2015-05-19T07:33:08+00:00","dateModified":"2026-02-07T17:28:44+00:00","description":"Tous nos tarifs pour les activit\u00e9s neige (tra\u00eeneau en famille, initiation \u00e0 la conduite, raid) et terre (cani rando, cani troti, kart)","breadcrumb":{"@id":"https:\/\/www.attelagealtitude.com\/?page_id=79#breadcrumb"},"inLanguage":"fr-FR","potentialAction":[{"@type":"ReadAction","target":["https:\/\/www.attelagealtitude.com\/?page_id=79"]}]},{"@type":"BreadcrumbList","@id":"https:\/\/www.attelagealtitude.com\/?page_id=79#breadcrumb","itemListElement":[{"@type":"ListItem","position":1,"name":"Accueil","item":"http:\/\/www.attelagealtitude.com\/"},{"@type":"ListItem","position":2,"name":"Tarifs"}]},{"@type":"WebSite","@id":"http:\/\/www.attelagealtitude.com\/#website","url":"http:\/\/www.attelagealtitude.com\/","name":"Attelage Altitude","description":"Elodie De La Pena - 0680160292","potentialAction":[{"@type":"SearchAction","target":{"@type":"EntryPoint","urlTemplate":"http:\/\/www.attelagealtitude.com\/?s={search_term_string}"},"query-input":{"@type":"PropertyValueSpecification","valueRequired":true,"valueName":"search_term_string"}}],"inLanguage":"fr-FR"}]}},"_links":{"self":[{"href":"https:\/\/www.attelagealtitude.com\/index.php?rest_route=\/wp\/v2\/pages\/79","targetHints":{"allow":["GET"]}}],"collection":[{"href":"https:\/\/www.attelagealtitude.com\/index.php?rest_route=\/wp\/v2\/pages"}],"about":[{"href":"https:\/\/www.attelagealtitude.com\/index.php?rest_route=\/wp\/v2\/types\/page"}],"author":[{"embeddable":true,"href":"https:\/\/www.attelagealtitude.com\/index.php?rest_route=\/wp\/v2\/users\/1"}],"replies":[{"embeddable":true,"href":"https:\/\/www.attelagealtitude.com\/index.php?rest_route=%2Fwp%2Fv2%2Fcomments&post=79"}],"version-history":[{"count":30,"href":"https:\/\/www.attelagealtitude.com\/index.php?rest_route=\/wp\/v2\/pages\/79\/revisions"}],"predecessor-version":[{"id":1125,"href":"https:\/\/www.attelagealtitude.com\/index.php?rest_route=\/wp\/v2\/pages\/79\/revisions\/1125"}],"wp:attachment":[{"href":"https:\/\/www.attelagealtitude.com\/index.php?rest_route=%2Fwp%2Fv2%2Fmedia&parent=79"}],"curies":[{"name":"wp","href":"https:\/\/api.w.org\/{rel}","templated":true}]}}