{"id":83,"date":"2015-05-19T08:33:45","date_gmt":"2015-05-19T07:33:45","guid":{"rendered":"http:\/\/www.attelagealtitude.com\/?page_id=83"},"modified":"2017-01-07T16:19:48","modified_gmt":"2017-01-07T15:19:48","slug":"le-club-mountains-dog","status":"publish","type":"page","link":"https:\/\/www.attelagealtitude.com\/?page_id=83","title":{"rendered":"Le Club Mountain&rsquo;s Dogs"},"content":{"rendered":"<p>Souvenirs&#8230;Merci \u00e0 Yaya !<br \/>\n\t\n\t<div class=\"ssvp-wrapper\">\n\t\t<section class=\"ssvpmaximize\" style=\"display:none;background:#DCDCDC;border:1px solid black;padding:4px;\">\n\t\t\tHGT Floating Video Widget\n\t\t\t<button style=\"border: 1px solid black;background-color: #308f30;color: #fff;\" type=\"button\" class=\"ssvp-float-maximize btn btn-secondary\" data-dismiss=\"modal\">Maximize\n\t\t\t<\/button>\n\t\t<\/section>\n\t\t<section class=\"ssvpvideo\">\n\t\t\t<div class=\"ssvp-widget-controls\">\n\t\t\t\t<div class=\"ssvp-float-close-div\" style=\"background-color: #308f30; position: absolute;top:1px;right:1px;z-index: 2;display:none;\">\t\t\t\t\t\n\t\t\t\t\t<button style=\"font-weight: 800;background-color: #308f30;color: #fff;\" type=\"button\" class=\"ssvp-float-minimize btn btn-secondary\" data-dismiss=\"modal\"><span class=\"ssvp-stretch\">-<\/span>\n\t\t\t\t\t<\/button>\n\t\t\t\t\t<button style=\"font-weight: 800;background-color: #308f30;color: #fff;\" type=\"button\" class=\"ssvp-float-close btn btn-secondary\" data-dismiss=\"modal\">X\n\t\t\t\t\t<\/button>\n\t\t\t\t<\/div>\n\t\t\t\t<script type=\"text\/javascript\">\t\t\t\t\t\t\n\t\t\t\t\tjQuery(document).ready(function(){\t\t\t\t\t\t\t\n\t\t\t\t\t\tjQuery(\".ssvp-float-close\").click(function(){\n\t\t\t\t\t\t\tjQuery(\".ssvpvideo\").removeClass(\"ssvpaside\");\n\t\t\t\t\t\t\tssvp_float_check=false;\n\t\t\t\t\t\t\tvar ssvp_box_height = jQuery('.ssvp-box').height();\n\t\t\t\t\t\t\tjQuery('.ssvp-wrapper').css({'margin-bottom':ssvp_box_height});\n\t\t\t\t\t\t\tjQuery('.ssvp-float-close-div').removeClass('ssvp-float-close-show');\n\t\t\t\t\t\t\tjQuery('.ssvpmaximize').css({'display':'none'});\n\t\t\t\t\t\t});\n\t\t\t\t\t\tjQuery(\".ssvp-float-minimize\").click(function(){\n\t\t\t\t\t\t\tjQuery(\".ssvpvideo\").removeClass(\"ssvpaside\");\n\t\t\t\t\t\t\tssvp_float_check=false;\n\t\t\t\t\t\t\tvar ssvp_box_height = jQuery('.ssvp-box').height();\n\t\t\t\t\t\t\tjQuery('.ssvp-wrapper').css({'margin-bottom':ssvp_box_height});\n\t\t\t\t\t\t\tjQuery('.ssvp-float-close-div').removeClass('ssvp-float-close-show');\n\t\t\t\t\t\t\t\/\/ jQuery(\".ssvpmaximize\").addClass(\"ssvpaside\");\n\t\t\t\t\t\t\t\/\/ jQuery(\".ssvpaside\").css({\"top\":\"none\"});\n\t\t\t\t\t\t\t\/\/ jQuery(\".ssvpaside\").css({\"bottom\":\"50px\"});\n\t\t\t\t\t\t\tjQuery(\".ssvpmaximize\").css({\"position\":\"fixed\",\"bottom\":\"40px\",\"z-index\":\"9999\"});\n\t\t\t\t\t\t\tjQuery(\".ssvpmaximize\").css({\"display\":\"block\"});\n\t\t\t\t\t\t});\n\t\t\t\t\t\tjQuery(\".ssvp-float-maximize\").click(function(){\n\t\t\t\t\t\t\tssvp_float_check=true;\n\t\t\t\t\t\t\tjQuery(window).scrollTop(jQuery(window).scrollTop()-1);\n\t\t\t\t\t\t\tjQuery(\".ssvpmaximize\").css({\"display\":\"none\"});\n\t\t\t\t\t\t});\n\t\t\t\t\t});\n\t\t\t\t<\/script>\n\t\t\t<\/div>\n\t\t\t<div class=\"vid-wrap\">\t\t\t\t\t\t\t\t\n\t\t\t\t \t\t\t\t\n\t\t\t\n\t\t\t\t \t\t\t\t\n\n\t\t\t\t\t\t\t\t\t\t\t\t\t\t\t\t\t\t\t\t\t\t\t\t\t\t<iframe src=\"https:\/\/player.vimeo.com\/video\/190246396?\" frameborder=\"0\"  ><\/iframe>\n\t\t\t\t\t\t\t\t\t\t\t\t\t\t\t\t\t\t\t<\/div>\n\t\t\t\t\t\t\t\n\t\t<\/section>\n\t<\/div>\n\t<script type=\"text\/javascript\">\n\t\tjQuery(document).ready(function(){\n\t\t\tvar ssvp_box_height = jQuery('.ssvp-box').height();\n\t\t\tjQuery('.ssvpvideo').css({'margin-bottom':ssvp_box_height});\n\t\t});\n\t<\/script>\n\t\t\t\t\t\t\t\n\t\t\t<style type=\"text\/css\">\t.ssvpaside{ right: 2%;\t} .ssvpmaximize{ right: 2%;\t}<\/style>\n\t\t\t<br \/>\net \u00e0 Christiane !<br \/>\n<iframe loading=\"lazy\" src=\"https:\/\/www.youtube.com\/embed\/sUmgWnYBUY0\" width=\"560\" height=\"315\" frameborder=\"0\" allowfullscreen=\"allowfullscreen\"><\/iframe><\/p>\n<hr \/>\n<p><img loading=\"lazy\" decoding=\"async\" class=\" wp-image-370 alignleft\" src=\"http:\/\/www.attelagealtitude.com\/wp-content\/uploads\/2015\/05\/md.jpg\" alt=\"md\" width=\"243\" height=\"361\" srcset=\"https:\/\/www.attelagealtitude.com\/wp-content\/uploads\/2015\/05\/md.jpg 509w, https:\/\/www.attelagealtitude.com\/wp-content\/uploads\/2015\/05\/md-202x300.jpg 202w\" sizes=\"auto, (max-width: 243px) 100vw, 243px\" \/>Le Club Mountain&rsquo;s Dogs c&rsquo;est quoi ?<\/p>\n<p>Club sportif d&rsquo;attelage canin des Hautes-Pyr\u00e9n\u00e9es, affili\u00e9 \u00e0 la F\u00e9d\u00e9ration Fran\u00e7aise des Sports de Tra\u00eeneaux, Mountain&rsquo;s Dogs vient de voir le jour \u00e0 Bagn\u00e8res-de-Bigorre.<br \/>\nAdeptes des sorties plein air, du sport, de la glisse ou de la d\u00e9couverte de nouvelles sensations, connaissez-vous le partage de l&rsquo;activit\u00e9 sportive avec le chien ?<br \/>\nMountain&rsquo;s Dogs rassemble les diverses activit\u00e9s de tra\u00eeneau, ski-jo\u00earing, cani-raquettes, VTT, trotinette, kart, cani-rando &#8230; sur le Plateau de Payolle, les Baronnies et La Mongie.<br \/>\ninfos et adh\u00e9sion : <strong>mountainsdogs@orange.fr<\/strong><\/p>\n<p style=\"text-align: left;\"><a href=\"http:\/\/www.attelagealtitude.com\/wp-content\/uploads\/2015\/05\/article6.pdf\"><img loading=\"lazy\" decoding=\"async\" class=\" size-full wp-image-447 alignleft\" src=\"http:\/\/www.attelagealtitude.com\/wp-content\/uploads\/2015\/05\/V6.jpg\" alt=\"V6\" width=\"150\" height=\"212\" \/><\/a><\/p>\n","protected":false},"excerpt":{"rendered":"<p>Souvenirs&#8230;Merci \u00e0 Yaya ! et \u00e0 Christiane ! Le Club Mountain&rsquo;s Dogs c&rsquo;est quoi ? Club sportif d&rsquo;attelage canin des Hautes-Pyr\u00e9n\u00e9es, affili\u00e9 \u00e0 la F\u00e9d\u00e9ration Fran\u00e7aise des Sports de Tra\u00eeneaux, Mountain&rsquo;s Dogs vient de voir le jour \u00e0 Bagn\u00e8res-de-Bigorre. Adeptes des sorties plein air, du sport, de la glisse ou de la d\u00e9couverte de nouvelles &hellip; <a href=\"https:\/\/www.attelagealtitude.com\/?page_id=83\" class=\"more-link\">Continuer la lecture de <span class=\"screen-reader-text\">Le Club Mountain&rsquo;s Dogs<\/span><\/a><\/p>\n","protected":false},"author":1,"featured_media":0,"parent":0,"menu_order":0,"comment_status":"closed","ping_status":"closed","template":"","meta":{"ngg_post_thumbnail":0,"footnotes":""},"class_list":["post-83","page","type-page","status-publish","hentry"],"yoast_head":"<!-- This site is optimized with the Yoast SEO plugin v24.9 - https:\/\/yoast.com\/wordpress\/plugins\/seo\/ -->\n<title>Le Club Mountain&#039;s Dogs - Attelage Altitude<\/title>\n<meta name=\"robots\" content=\"index, follow, max-snippet:-1, max-image-preview:large, max-video-preview:-1\" \/>\n<link rel=\"canonical\" href=\"http:\/\/www.attelagealtitude.com\/?page_id=83\" \/>\n<meta property=\"og:locale\" content=\"fr_FR\" \/>\n<meta property=\"og:type\" content=\"article\" \/>\n<meta property=\"og:title\" content=\"Le Club Mountain&#039;s Dogs - Attelage Altitude\" \/>\n<meta property=\"og:description\" content=\"Souvenirs&#8230;Merci \u00e0 Yaya ! et \u00e0 Christiane ! Le Club Mountain&rsquo;s Dogs c&rsquo;est quoi ? Club sportif d&rsquo;attelage canin des Hautes-Pyr\u00e9n\u00e9es, affili\u00e9 \u00e0 la F\u00e9d\u00e9ration Fran\u00e7aise des Sports de Tra\u00eeneaux, Mountain&rsquo;s Dogs vient de voir le jour \u00e0 Bagn\u00e8res-de-Bigorre. Adeptes des sorties plein air, du sport, de la glisse ou de la d\u00e9couverte de nouvelles &hellip; Continuer la lecture de Le Club Mountain&rsquo;s Dogs\" \/>\n<meta property=\"og:url\" content=\"http:\/\/www.attelagealtitude.com\/?page_id=83\" \/>\n<meta property=\"og:site_name\" content=\"Attelage Altitude\" \/>\n<meta property=\"article:modified_time\" content=\"2017-01-07T15:19:48+00:00\" \/>\n<meta property=\"og:image\" content=\"http:\/\/www.attelagealtitude.com\/wp-content\/uploads\/2015\/05\/md.jpg\" \/>\n<meta name=\"twitter:card\" content=\"summary_large_image\" \/>\n<meta name=\"twitter:label1\" content=\"Dur\u00e9e de lecture estim\u00e9e\" \/>\n\t<meta name=\"twitter:data1\" content=\"1 minute\" \/>\n<script type=\"application\/ld+json\" class=\"yoast-schema-graph\">{\"@context\":\"https:\/\/schema.org\",\"@graph\":[{\"@type\":\"WebPage\",\"@id\":\"http:\/\/www.attelagealtitude.com\/?page_id=83\",\"url\":\"http:\/\/www.attelagealtitude.com\/?page_id=83\",\"name\":\"Le Club Mountain's Dogs - Attelage Altitude\",\"isPartOf\":{\"@id\":\"http:\/\/www.attelagealtitude.com\/#website\"},\"primaryImageOfPage\":{\"@id\":\"http:\/\/www.attelagealtitude.com\/?page_id=83#primaryimage\"},\"image\":{\"@id\":\"http:\/\/www.attelagealtitude.com\/?page_id=83#primaryimage\"},\"thumbnailUrl\":\"http:\/\/www.attelagealtitude.com\/wp-content\/uploads\/2015\/05\/md.jpg\",\"datePublished\":\"2015-05-19T07:33:45+00:00\",\"dateModified\":\"2017-01-07T15:19:48+00:00\",\"breadcrumb\":{\"@id\":\"http:\/\/www.attelagealtitude.com\/?page_id=83#breadcrumb\"},\"inLanguage\":\"fr-FR\",\"potentialAction\":[{\"@type\":\"ReadAction\",\"target\":[\"http:\/\/www.attelagealtitude.com\/?page_id=83\"]}]},{\"@type\":\"ImageObject\",\"inLanguage\":\"fr-FR\",\"@id\":\"http:\/\/www.attelagealtitude.com\/?page_id=83#primaryimage\",\"url\":\"https:\/\/www.attelagealtitude.com\/wp-content\/uploads\/2015\/05\/md.jpg\",\"contentUrl\":\"https:\/\/www.attelagealtitude.com\/wp-content\/uploads\/2015\/05\/md.jpg\",\"width\":509,\"height\":756},{\"@type\":\"BreadcrumbList\",\"@id\":\"http:\/\/www.attelagealtitude.com\/?page_id=83#breadcrumb\",\"itemListElement\":[{\"@type\":\"ListItem\",\"position\":1,\"name\":\"Accueil\",\"item\":\"http:\/\/www.attelagealtitude.com\/\"},{\"@type\":\"ListItem\",\"position\":2,\"name\":\"Le Club Mountain&rsquo;s Dogs\"}]},{\"@type\":\"WebSite\",\"@id\":\"http:\/\/www.attelagealtitude.com\/#website\",\"url\":\"http:\/\/www.attelagealtitude.com\/\",\"name\":\"Attelage Altitude\",\"description\":\"Elodie De La Pena - 0680160292\",\"potentialAction\":[{\"@type\":\"SearchAction\",\"target\":{\"@type\":\"EntryPoint\",\"urlTemplate\":\"http:\/\/www.attelagealtitude.com\/?s={search_term_string}\"},\"query-input\":{\"@type\":\"PropertyValueSpecification\",\"valueRequired\":true,\"valueName\":\"search_term_string\"}}],\"inLanguage\":\"fr-FR\"}]}<\/script>\n<!-- \/ Yoast SEO plugin. -->","yoast_head_json":{"title":"Le Club Mountain's Dogs - Attelage Altitude","robots":{"index":"index","follow":"follow","max-snippet":"max-snippet:-1","max-image-preview":"max-image-preview:large","max-video-preview":"max-video-preview:-1"},"canonical":"http:\/\/www.attelagealtitude.com\/?page_id=83","og_locale":"fr_FR","og_type":"article","og_title":"Le Club Mountain's Dogs - Attelage Altitude","og_description":"Souvenirs&#8230;Merci \u00e0 Yaya ! et \u00e0 Christiane ! Le Club Mountain&rsquo;s Dogs c&rsquo;est quoi ? Club sportif d&rsquo;attelage canin des Hautes-Pyr\u00e9n\u00e9es, affili\u00e9 \u00e0 la F\u00e9d\u00e9ration Fran\u00e7aise des Sports de Tra\u00eeneaux, Mountain&rsquo;s Dogs vient de voir le jour \u00e0 Bagn\u00e8res-de-Bigorre. Adeptes des sorties plein air, du sport, de la glisse ou de la d\u00e9couverte de nouvelles &hellip; Continuer la lecture de Le Club Mountain&rsquo;s Dogs","og_url":"http:\/\/www.attelagealtitude.com\/?page_id=83","og_site_name":"Attelage Altitude","article_modified_time":"2017-01-07T15:19:48+00:00","og_image":[{"url":"http:\/\/www.attelagealtitude.com\/wp-content\/uploads\/2015\/05\/md.jpg","type":"","width":"","height":""}],"twitter_card":"summary_large_image","twitter_misc":{"Dur\u00e9e de lecture estim\u00e9e":"1 minute"},"schema":{"@context":"https:\/\/schema.org","@graph":[{"@type":"WebPage","@id":"http:\/\/www.attelagealtitude.com\/?page_id=83","url":"http:\/\/www.attelagealtitude.com\/?page_id=83","name":"Le Club Mountain's Dogs - Attelage Altitude","isPartOf":{"@id":"http:\/\/www.attelagealtitude.com\/#website"},"primaryImageOfPage":{"@id":"http:\/\/www.attelagealtitude.com\/?page_id=83#primaryimage"},"image":{"@id":"http:\/\/www.attelagealtitude.com\/?page_id=83#primaryimage"},"thumbnailUrl":"http:\/\/www.attelagealtitude.com\/wp-content\/uploads\/2015\/05\/md.jpg","datePublished":"2015-05-19T07:33:45+00:00","dateModified":"2017-01-07T15:19:48+00:00","breadcrumb":{"@id":"http:\/\/www.attelagealtitude.com\/?page_id=83#breadcrumb"},"inLanguage":"fr-FR","potentialAction":[{"@type":"ReadAction","target":["http:\/\/www.attelagealtitude.com\/?page_id=83"]}]},{"@type":"ImageObject","inLanguage":"fr-FR","@id":"http:\/\/www.attelagealtitude.com\/?page_id=83#primaryimage","url":"https:\/\/www.attelagealtitude.com\/wp-content\/uploads\/2015\/05\/md.jpg","contentUrl":"https:\/\/www.attelagealtitude.com\/wp-content\/uploads\/2015\/05\/md.jpg","width":509,"height":756},{"@type":"BreadcrumbList","@id":"http:\/\/www.attelagealtitude.com\/?page_id=83#breadcrumb","itemListElement":[{"@type":"ListItem","position":1,"name":"Accueil","item":"http:\/\/www.attelagealtitude.com\/"},{"@type":"ListItem","position":2,"name":"Le Club Mountain&rsquo;s Dogs"}]},{"@type":"WebSite","@id":"http:\/\/www.attelagealtitude.com\/#website","url":"http:\/\/www.attelagealtitude.com\/","name":"Attelage Altitude","description":"Elodie De La Pena - 0680160292","potentialAction":[{"@type":"SearchAction","target":{"@type":"EntryPoint","urlTemplate":"http:\/\/www.attelagealtitude.com\/?s={search_term_string}"},"query-input":{"@type":"PropertyValueSpecification","valueRequired":true,"valueName":"search_term_string"}}],"inLanguage":"fr-FR"}]}},"_links":{"self":[{"href":"https:\/\/www.attelagealtitude.com\/index.php?rest_route=\/wp\/v2\/pages\/83","targetHints":{"allow":["GET"]}}],"collection":[{"href":"https:\/\/www.attelagealtitude.com\/index.php?rest_route=\/wp\/v2\/pages"}],"about":[{"href":"https:\/\/www.attelagealtitude.com\/index.php?rest_route=\/wp\/v2\/types\/page"}],"author":[{"embeddable":true,"href":"https:\/\/www.attelagealtitude.com\/index.php?rest_route=\/wp\/v2\/users\/1"}],"replies":[{"embeddable":true,"href":"https:\/\/www.attelagealtitude.com\/index.php?rest_route=%2Fwp%2Fv2%2Fcomments&post=83"}],"version-history":[{"count":12,"href":"https:\/\/www.attelagealtitude.com\/index.php?rest_route=\/wp\/v2\/pages\/83\/revisions"}],"predecessor-version":[{"id":698,"href":"https:\/\/www.attelagealtitude.com\/index.php?rest_route=\/wp\/v2\/pages\/83\/revisions\/698"}],"wp:attachment":[{"href":"https:\/\/www.attelagealtitude.com\/index.php?rest_route=%2Fwp%2Fv2%2Fmedia&parent=83"}],"curies":[{"name":"wp","href":"https:\/\/api.w.org\/{rel}","templated":true}]}}